{"id":1438,"date":"2014-04-11T17:25:53","date_gmt":"2014-04-11T17:25:53","guid":{"rendered":"https:\/\/www.iconesoft.com.br\/ita\/?page_id=1438"},"modified":"2016-09-20T19:19:46","modified_gmt":"2016-09-20T19:19:46","slug":"guepardo","status":"publish","type":"page","link":"https:\/\/www.iconesoft.com.br\/ita\/clientes\/guepardo\/","title":{"rendered":"Guepardo"},"content":{"rendered":"<p>[vc_row el_position=&#8221;first&#8221;][vc_column][vc_single_image image=&#8221;1443&#8243; img_size=&#8221;960&#215;443&#8243; onclick=&#8221;custom_link&#8221; img_link_target=&#8221;_blank&#8221; img_link=&#8221;http:\/\/www.guepardourb.com.br&#8221; el_position=&#8221;first last&#8221; link=&#8221;http:\/\/guepardourb.com.br\/&#8221;][\/vc_column][\/vc_row][vc_row][vc_column][vc_column_text] [\/vc_column_text][\/vc_column][\/vc_row][vc_row el_position=&#8221;last&#8221;][vc_column][vc_column_text el_position=&#8221;first last&#8221;]<\/p>\n<p style=\"text-align: justify;\"><strong>ATIVIDADE<\/strong>: Loteamentos e Condom\u00ednios<\/p>\n<p style=\"text-align: justify;\"><strong>SETOR<\/strong>: Servi\u00e7os<\/p>\n<p style=\"text-align: justify;\"><strong>SOFTWARE<\/strong>: Sistema Financeiro e de Comercializa\u00e7\u00e3o de Empreendimentos Imobili\u00e1rios<\/p>\n<p>Sistema para comercializa\u00e7\u00e3o de empreendimentos imobili\u00e1rios, que contempla todas as etapas do processo de comercializa\u00e7\u00e3o, aprova\u00e7\u00e3o de contrato, gest\u00e3o da carteira e recebimento financeiro de opera\u00e7\u00f5es de venda de im\u00f3veis.<\/p>\n<p style=\"text-align: justify;\">Obrigado pela parceria desde 2008.<\/p>\n<p>[\/vc_column_text][\/vc_column][\/vc_row]<\/p>\n","protected":false},"excerpt":{"rendered":"<p>[vc_row el_position=&#8221;first&#8221;][vc_column][vc_single_image image=&#8221;1443&#8243; img_size=&#8221;960&#215;443&#8243; onclick=&#8221;custom_link&#8221; img_link_target=&#8221;_blank&#8221; img_link=&#8221;http:\/\/www.guepardourb.com.br&#8221; el_position=&#8221;first last&#8221; link=&#8221;http:\/\/guepardourb.com.br\/&#8221;][\/vc_column][\/vc_row][vc_row][vc_column][vc_column_text] [\/vc_column_text][\/vc_column][\/vc_row][vc_row el_position=&#8221;last&#8221;][vc_column][vc_column_text el_position=&#8221;first last&#8221;] ATIVIDADE: Loteamentos e Condom\u00ednios SETOR: Servi\u00e7os SOFTWARE: Sistema Financeiro e de Comercializa\u00e7\u00e3o de Empreendimentos Imobili\u00e1rios Sistema para comercializa\u00e7\u00e3o de empreendimentos imobili\u00e1rios, que contempla todas as etapas do processo de comercializa\u00e7\u00e3o, aprova\u00e7\u00e3o de contrato, gest\u00e3o da carteira e recebimento financeiro de opera\u00e7\u00f5es [&hellip;]<\/p>\n","protected":false},"author":1,"featured_media":0,"parent":1291,"menu_order":6,"comment_status":"open","ping_status":"closed","template":"page-clients.php","meta":[],"_links":{"self":[{"href":"https:\/\/www.iconesoft.com.br\/ita\/wp-json\/wp\/v2\/pages\/1438"}],"collection":[{"href":"https:\/\/www.iconesoft.com.br\/ita\/wp-json\/wp\/v2\/pages"}],"about":[{"href":"https:\/\/www.iconesoft.com.br\/ita\/wp-json\/wp\/v2\/types\/page"}],"author":[{"embeddable":true,"href":"https:\/\/www.iconesoft.com.br\/ita\/wp-json\/wp\/v2\/users\/1"}],"replies":[{"embeddable":true,"href":"https:\/\/www.iconesoft.com.br\/ita\/wp-json\/wp\/v2\/comments?post=1438"}],"version-history":[{"count":9,"href":"https:\/\/www.iconesoft.com.br\/ita\/wp-json\/wp\/v2\/pages\/1438\/revisions"}],"predecessor-version":[{"id":1968,"href":"https:\/\/www.iconesoft.com.br\/ita\/wp-json\/wp\/v2\/pages\/1438\/revisions\/1968"}],"up":[{"embeddable":true,"href":"https:\/\/www.iconesoft.com.br\/ita\/wp-json\/wp\/v2\/pages\/1291"}],"wp:attachment":[{"href":"https:\/\/www.iconesoft.com.br\/ita\/wp-json\/wp\/v2\/media?parent=1438"}],"curies":[{"name":"wp","href":"https:\/\/api.w.org\/{rel}","templated":true}]}}