{"id":1437,"date":"2014-04-11T17:25:56","date_gmt":"2014-04-11T17:25:56","guid":{"rendered":"https:\/\/www.iconesoft.com.br\/ita\/?page_id=1437"},"modified":"2016-09-20T19:17:18","modified_gmt":"2016-09-20T19:17:18","slug":"evolucao","status":"publish","type":"page","link":"https:\/\/www.iconesoft.com.br\/ita\/clientes\/evolucao\/","title":{"rendered":"Evolu\u00e7\u00e3o"},"content":{"rendered":"<p>[vc_row el_position=&#8221;first&#8221;][vc_column][vc_single_image image=&#8221;1759&#8243; img_size=&#8221;960&#215;443&#8243; onclick=&#8221;custom_link&#8221; img_link_target=&#8221;_blank&#8221; img_link=&#8221;http:\/\/www.evolucao.com&#8221; el_position=&#8221;first last&#8221; link=&#8221;http:\/\/www.evolucao.com&#8221;][\/vc_column][\/vc_row][vc_row el_position=&#8221;last&#8221;][vc_column][vc_column_text el_class=&#8221;Constru\u00e7\u00e3o&#8221; el_position=&#8221;first last&#8221;]<\/p>\n<p style=\"text-align: justify;\"><strong>ATIVIDADE<\/strong>: Engenharia e Constru\u00e7\u00e3o<\/p>\n<p style=\"text-align: justify;\"><strong>SETOR<\/strong>: Servi\u00e7os<\/p>\n<p style=\"text-align: justify;\"><strong>SOFTWARE<\/strong>: Sistema Virtual Doc<\/p>\n<p>Sistema de gest\u00e3o para controle, aprova\u00e7\u00e3o e contabiliza\u00e7\u00e3o financeira e gerencial de despesas.<\/p>\n<p>Obrigado pela Parceria desde 1998.<\/p>\n<p>[\/vc_column_text][\/vc_column][\/vc_row]<\/p>\n","protected":false},"excerpt":{"rendered":"<p>[vc_row el_position=&#8221;first&#8221;][vc_column][vc_single_image image=&#8221;1759&#8243; img_size=&#8221;960&#215;443&#8243; onclick=&#8221;custom_link&#8221; img_link_target=&#8221;_blank&#8221; img_link=&#8221;http:\/\/www.evolucao.com&#8221; el_position=&#8221;first last&#8221; link=&#8221;http:\/\/www.evolucao.com&#8221;][\/vc_column][\/vc_row][vc_row el_position=&#8221;last&#8221;][vc_column][vc_column_text el_class=&#8221;Constru\u00e7\u00e3o&#8221; el_position=&#8221;first last&#8221;] ATIVIDADE: Engenharia e Constru\u00e7\u00e3o SETOR: Servi\u00e7os SOFTWARE: Sistema Virtual Doc Sistema de gest\u00e3o para controle, aprova\u00e7\u00e3o e contabiliza\u00e7\u00e3o financeira e gerencial de despesas. Obrigado pela Parceria desde 1998. [\/vc_column_text][\/vc_column][\/vc_row]<\/p>\n","protected":false},"author":1,"featured_media":0,"parent":1291,"menu_order":5,"comment_status":"open","ping_status":"closed","template":"page-clients.php","meta":[],"_links":{"self":[{"href":"https:\/\/www.iconesoft.com.br\/ita\/wp-json\/wp\/v2\/pages\/1437"}],"collection":[{"href":"https:\/\/www.iconesoft.com.br\/ita\/wp-json\/wp\/v2\/pages"}],"about":[{"href":"https:\/\/www.iconesoft.com.br\/ita\/wp-json\/wp\/v2\/types\/page"}],"author":[{"embeddable":true,"href":"https:\/\/www.iconesoft.com.br\/ita\/wp-json\/wp\/v2\/users\/1"}],"replies":[{"embeddable":true,"href":"https:\/\/www.iconesoft.com.br\/ita\/wp-json\/wp\/v2\/comments?post=1437"}],"version-history":[{"count":15,"href":"https:\/\/www.iconesoft.com.br\/ita\/wp-json\/wp\/v2\/pages\/1437\/revisions"}],"predecessor-version":[{"id":1967,"href":"https:\/\/www.iconesoft.com.br\/ita\/wp-json\/wp\/v2\/pages\/1437\/revisions\/1967"}],"up":[{"embeddable":true,"href":"https:\/\/www.iconesoft.com.br\/ita\/wp-json\/wp\/v2\/pages\/1291"}],"wp:attachment":[{"href":"https:\/\/www.iconesoft.com.br\/ita\/wp-json\/wp\/v2\/media?parent=1437"}],"curies":[{"name":"wp","href":"https:\/\/api.w.org\/{rel}","templated":true}]}}