{"id":1431,"date":"2014-04-11T17:20:40","date_gmt":"2014-04-11T17:20:40","guid":{"rendered":"https:\/\/www.iconesoft.com.br\/ita\/?page_id=1431"},"modified":"2016-09-20T20:30:58","modified_gmt":"2016-09-20T20:30:58","slug":"avis","status":"publish","type":"page","link":"https:\/\/www.iconesoft.com.br\/ita\/clientes\/avis\/","title":{"rendered":"Avis"},"content":{"rendered":"<p>[vc_row el_position=&#8221;first&#8221;][vc_column][vc_single_image image=&#8221;1434&#8243; img_size=&#8221;960&#215;443&#8243; onclick=&#8221;custom_link&#8221; img_link_target=&#8221;_blank&#8221; img_link=&#8221;http:\/\/www.avis.com.br\/&#8221; el_position=&#8221;first last&#8221; link=&#8221;http:\/\/www.avis.com.br\/&#8221;][\/vc_column][\/vc_row][vc_row][vc_column][vc_column_text] [\/vc_column_text][\/vc_column][\/vc_row][vc_row el_position=&#8221;last&#8221;][vc_column][vc_column_text el_position=&#8221;first last&#8221;]<\/p>\n<p style=\"text-align: justify;\"><strong>ATIVIDADE<\/strong>: Locadora de Autom\u00f3veis<\/p>\n<p style=\"text-align: justify;\"><strong>SETOR<\/strong>: Servi\u00e7os<\/p>\n<p style=\"text-align: justify;\"><strong>SOFTWARE<\/strong>: Sistema de Armazenamento e Visualiza\u00e7\u00e3o de Imagens (SAVI)<\/p>\n<p style=\"text-align: justify;\">O projeto surgiu da necessidade de cortar custos, e melhorar a opera\u00e7\u00e3o da matriz e da sua rede de franquias. Foi desenvolvido um sistema de GED (Gerenciamento Eletr\u00f4nico de Documentos) que realiza a digitaliza\u00e7\u00e3o e armazenamento eletr\u00f4nico dos documentos, permitindo a consulta e impress\u00e3o atrav\u00e9s da Internet. Com a Implanta\u00e7\u00e3o do sistema o procedimento realizado para arquivamento da documenta\u00e7\u00e3o envolvida foi racionalizado, e ficou mais \u00e1gil.<\/p>\n<p style=\"text-align: justify;\">Ap\u00f3s a implanta\u00e7\u00e3o na matriz e em mais de 30 filiais da locadora de autom\u00f3veis foi poss\u00edvel eliminar o arquivamento em papel de milhares de documentos mensalmente, e garantir que as informa\u00e7\u00f5es digitalizadas fiquem armazenadas de forma segura, organizada e com acesso imediato.<\/p>\n<p style=\"text-align: justify;\">Obrigado pela parceria desde 2001.<\/p>\n<p>[\/vc_column_text][\/vc_column][\/vc_row]<\/p>\n","protected":false},"excerpt":{"rendered":"<p>[vc_row el_position=&#8221;first&#8221;][vc_column][vc_single_image image=&#8221;1434&#8243; img_size=&#8221;960&#215;443&#8243; onclick=&#8221;custom_link&#8221; img_link_target=&#8221;_blank&#8221; img_link=&#8221;http:\/\/www.avis.com.br\/&#8221; el_position=&#8221;first last&#8221; link=&#8221;http:\/\/www.avis.com.br\/&#8221;][\/vc_column][\/vc_row][vc_row][vc_column][vc_column_text] [\/vc_column_text][\/vc_column][\/vc_row][vc_row el_position=&#8221;last&#8221;][vc_column][vc_column_text el_position=&#8221;first last&#8221;] ATIVIDADE: Locadora de Autom\u00f3veis SETOR: Servi\u00e7os SOFTWARE: Sistema de Armazenamento e Visualiza\u00e7\u00e3o de Imagens (SAVI) O projeto surgiu da necessidade de cortar custos, e melhorar a opera\u00e7\u00e3o da matriz e da sua rede de franquias. Foi desenvolvido um sistema de GED [&hellip;]<\/p>\n","protected":false},"author":1,"featured_media":0,"parent":1291,"menu_order":1,"comment_status":"open","ping_status":"closed","template":"page-clients.php","meta":[],"_links":{"self":[{"href":"https:\/\/www.iconesoft.com.br\/ita\/wp-json\/wp\/v2\/pages\/1431"}],"collection":[{"href":"https:\/\/www.iconesoft.com.br\/ita\/wp-json\/wp\/v2\/pages"}],"about":[{"href":"https:\/\/www.iconesoft.com.br\/ita\/wp-json\/wp\/v2\/types\/page"}],"author":[{"embeddable":true,"href":"https:\/\/www.iconesoft.com.br\/ita\/wp-json\/wp\/v2\/users\/1"}],"replies":[{"embeddable":true,"href":"https:\/\/www.iconesoft.com.br\/ita\/wp-json\/wp\/v2\/comments?post=1431"}],"version-history":[{"count":14,"href":"https:\/\/www.iconesoft.com.br\/ita\/wp-json\/wp\/v2\/pages\/1431\/revisions"}],"predecessor-version":[{"id":1973,"href":"https:\/\/www.iconesoft.com.br\/ita\/wp-json\/wp\/v2\/pages\/1431\/revisions\/1973"}],"up":[{"embeddable":true,"href":"https:\/\/www.iconesoft.com.br\/ita\/wp-json\/wp\/v2\/pages\/1291"}],"wp:attachment":[{"href":"https:\/\/www.iconesoft.com.br\/ita\/wp-json\/wp\/v2\/media?parent=1431"}],"curies":[{"name":"wp","href":"https:\/\/api.w.org\/{rel}","templated":true}]}}