{"id":1386,"date":"2014-04-11T15:25:39","date_gmt":"2014-04-11T15:25:39","guid":{"rendered":"https:\/\/www.iconesoft.com.br\/ita\/?page_id=1386"},"modified":"2017-03-30T16:38:19","modified_gmt":"2017-03-30T16:38:19","slug":"interface-mini-tab","status":"publish","type":"page","link":"https:\/\/www.iconesoft.com.br\/ita\/produtos\/interface-mini-tab\/","title":{"rendered":"Interface Minitab"},"content":{"rendered":"<p>[vc_row el_position=&#8221;first&#8221;][vc_column][vc_single_image image=&#8221;1618&#8243; img_size=&#8221;964&#215;260&#8243; el_position=&#8221;first last&#8221;][\/vc_column][\/vc_row][vc_row][vc_column][vc_column_text] [\/vc_column_text][\/vc_column][\/vc_row][vc_row][vc_column][vc_column_text el_position=&#8221;first last&#8221;]<\/p>\n<h1 style=\"text-align: center;\">Sistema per il Monitoraggio della Produzione<\/h1>\n<p>[\/vc_column_text][\/vc_column][\/vc_row][vc_row][vc_column][vc_column_text] [\/vc_column_text][\/vc_column][\/vc_row][vc_row el_position=&#8221;last&#8221;][vc_column][vc_column_text el_position=&#8221;first last&#8221;]<\/p>\n<p style=\"text-align: justify;\">Un sistema integrato con le banche dati esterne e con equipaggiamento PLC (power line communication), che permette la cattura di dati relativi alla produzione e di interfacciare automaticamente le informazioni con dei software di controllo statistico.<\/p>\n<p style=\"text-align: justify;\">Avendo personalizzazioni che seguono i controlli desiderati da ogni cliente, il sistema permette la scelta di raccogliere informazioni di vari prodotti, il tipo di analisi statistica e il grafico da generare sfruttando l\u2019interfaccia di Minitab\u00ae.<\/p>\n<p style=\"text-align: justify;\">Analizzando il grafico generato automaticamente, \u00e8 possibile monitorare e controllare la produzione e prendere le contromisure necessarie per assicurare una produttivit\u00e0 e una qualit\u00e0 durante il processo.<\/p>\n<p>[\/vc_column_text][\/vc_column][\/vc_row]<\/p>\n","protected":false},"excerpt":{"rendered":"<p>[vc_row el_position=&#8221;first&#8221;][vc_column][vc_single_image image=&#8221;1618&#8243; img_size=&#8221;964&#215;260&#8243; el_position=&#8221;first last&#8221;][\/vc_column][\/vc_row][vc_row][vc_column][vc_column_text] [\/vc_column_text][\/vc_column][\/vc_row][vc_row][vc_column][vc_column_text el_position=&#8221;first last&#8221;] Sistema per il Monitoraggio della Produzione [\/vc_column_text][\/vc_column][\/vc_row][vc_row][vc_column][vc_column_text] [\/vc_column_text][\/vc_column][\/vc_row][vc_row el_position=&#8221;last&#8221;][vc_column][vc_column_text el_position=&#8221;first last&#8221;] Un sistema integrato con le banche dati esterne e con equipaggiamento PLC (power line communication), che permette la cattura di dati relativi alla produzione e di interfacciare automaticamente le informazioni con dei software di controllo [&hellip;]<\/p>\n","protected":false},"author":1,"featured_media":0,"parent":164,"menu_order":3,"comment_status":"open","ping_status":"closed","template":"page-full-products.php","meta":[],"_links":{"self":[{"href":"https:\/\/www.iconesoft.com.br\/ita\/wp-json\/wp\/v2\/pages\/1386"}],"collection":[{"href":"https:\/\/www.iconesoft.com.br\/ita\/wp-json\/wp\/v2\/pages"}],"about":[{"href":"https:\/\/www.iconesoft.com.br\/ita\/wp-json\/wp\/v2\/types\/page"}],"author":[{"embeddable":true,"href":"https:\/\/www.iconesoft.com.br\/ita\/wp-json\/wp\/v2\/users\/1"}],"replies":[{"embeddable":true,"href":"https:\/\/www.iconesoft.com.br\/ita\/wp-json\/wp\/v2\/comments?post=1386"}],"version-history":[{"count":17,"href":"https:\/\/www.iconesoft.com.br\/ita\/wp-json\/wp\/v2\/pages\/1386\/revisions"}],"predecessor-version":[{"id":2175,"href":"https:\/\/www.iconesoft.com.br\/ita\/wp-json\/wp\/v2\/pages\/1386\/revisions\/2175"}],"up":[{"embeddable":true,"href":"https:\/\/www.iconesoft.com.br\/ita\/wp-json\/wp\/v2\/pages\/164"}],"wp:attachment":[{"href":"https:\/\/www.iconesoft.com.br\/ita\/wp-json\/wp\/v2\/media?parent=1386"}],"curies":[{"name":"wp","href":"https:\/\/api.w.org\/{rel}","templated":true}]}}