{"id":1332,"date":"2014-03-28T19:37:45","date_gmt":"2014-03-28T19:37:45","guid":{"rendered":"https:\/\/www.iconesoft.com.br\/ita\/?page_id=1332"},"modified":"2017-04-07T12:18:37","modified_gmt":"2017-04-07T12:18:37","slug":"virtualdoc","status":"publish","type":"page","link":"https:\/\/www.iconesoft.com.br\/ita\/produtos\/virtualdoc\/","title":{"rendered":"VirtualDoc"},"content":{"rendered":"<p>[vc_row el_position=&#8221;first&#8221;][vc_column][vc_single_image image=&#8221;1620&#8243; img_size=&#8221;964&#215;260&#8243; el_position=&#8221;first last&#8221;][\/vc_column][\/vc_row][vc_row][vc_column][vc_column_text] [\/vc_column_text][\/vc_column][\/vc_row][vc_row][vc_column][vc_column_text el_position=&#8221;first last&#8221;]<\/p>\n<h1 style=\"text-align: center;\"><span style=\"color: #1677e8;\">VirtualDoc &#8211; Sistema Amministrativo di Gestione<\/span><\/h1>\n<p>[\/vc_column_text][\/vc_column][\/vc_row][vc_row][vc_column][vc_column_text] [\/vc_column_text][\/vc_column][\/vc_row][vc_row el_position=&#8221;last&#8221;][vc_column][vc_column_text el_position=&#8221;first last&#8221;]<\/p>\n<p style=\"text-align: justify;\">Ottieni un Sistema di gestione finanziaria fatto su misura per i tuoi bisogni. Un sistema personalizzato per la tua compagnia, che controlla le tue priorit\u00e0 in modo che rispettino i bisogni della tua compagnia.<\/p>\n<p style=\"text-align: justify;\">Usando il VirtualDoc non avrai bisogno di regolarti a routine non volute e a campi che sembrano non aver un senso, perch\u00e9 il sistema sar\u00e0 fatto su misura per la tua attivit\u00e0 commerciale. Usiamo una piattaforma di sviluppo che ci permette di personalizzare in nostro sistema velocemente e con sicurezza. Perci\u00f2, possiamo offrire l\u2019implementazione di un sistema che rispetta le caratteristiche specifiche della tua azienda ma al stesso tempo ad un prezzo accessibile.<\/p>\n<p style=\"text-align: justify;\">Fidati della nostra esperienza nell\u2019implementare il controllo di cui hai bisogno per gestire efficientemente il tuo processo di lavoro.<\/p>\n<p>[\/vc_column_text][\/vc_column][\/vc_row]<\/p>\n","protected":false},"excerpt":{"rendered":"<p>[vc_row el_position=&#8221;first&#8221;][vc_column][vc_single_image image=&#8221;1620&#8243; img_size=&#8221;964&#215;260&#8243; el_position=&#8221;first last&#8221;][\/vc_column][\/vc_row][vc_row][vc_column][vc_column_text] [\/vc_column_text][\/vc_column][\/vc_row][vc_row][vc_column][vc_column_text el_position=&#8221;first last&#8221;] VirtualDoc &#8211; Sistema Amministrativo di Gestione [\/vc_column_text][\/vc_column][\/vc_row][vc_row][vc_column][vc_column_text] [\/vc_column_text][\/vc_column][\/vc_row][vc_row el_position=&#8221;last&#8221;][vc_column][vc_column_text el_position=&#8221;first last&#8221;] Ottieni un Sistema di gestione finanziaria fatto su misura per i tuoi bisogni. Un sistema personalizzato per la tua compagnia, che controlla le tue priorit\u00e0 in modo che rispettino i bisogni della tua compagnia. Usando [&hellip;]<\/p>\n","protected":false},"author":1,"featured_media":0,"parent":164,"menu_order":1,"comment_status":"open","ping_status":"closed","template":"page-full-products.php","meta":[],"_links":{"self":[{"href":"https:\/\/www.iconesoft.com.br\/ita\/wp-json\/wp\/v2\/pages\/1332"}],"collection":[{"href":"https:\/\/www.iconesoft.com.br\/ita\/wp-json\/wp\/v2\/pages"}],"about":[{"href":"https:\/\/www.iconesoft.com.br\/ita\/wp-json\/wp\/v2\/types\/page"}],"author":[{"embeddable":true,"href":"https:\/\/www.iconesoft.com.br\/ita\/wp-json\/wp\/v2\/users\/1"}],"replies":[{"embeddable":true,"href":"https:\/\/www.iconesoft.com.br\/ita\/wp-json\/wp\/v2\/comments?post=1332"}],"version-history":[{"count":22,"href":"https:\/\/www.iconesoft.com.br\/ita\/wp-json\/wp\/v2\/pages\/1332\/revisions"}],"predecessor-version":[{"id":2196,"href":"https:\/\/www.iconesoft.com.br\/ita\/wp-json\/wp\/v2\/pages\/1332\/revisions\/2196"}],"up":[{"embeddable":true,"href":"https:\/\/www.iconesoft.com.br\/ita\/wp-json\/wp\/v2\/pages\/164"}],"wp:attachment":[{"href":"https:\/\/www.iconesoft.com.br\/ita\/wp-json\/wp\/v2\/media?parent=1332"}],"curies":[{"name":"wp","href":"https:\/\/api.w.org\/{rel}","templated":true}]}}