{"id":1985,"date":"2016-09-21T20:13:12","date_gmt":"2016-09-21T20:13:12","guid":{"rendered":"https:\/\/www.iconesoft.com.br\/esp\/?page_id=1985"},"modified":"2024-08-30T23:25:53","modified_gmt":"2024-08-30T23:25:53","slug":"gestao-ferramental","status":"publish","type":"page","link":"https:\/\/www.iconesoft.com.br\/esp\/produtos\/gestao-ferramental\/","title":{"rendered":"Gesti\u00f3n de Herramientas"},"content":{"rendered":"<p>[vc_row el_position=&#8221;first&#8221;][vc_column][vc_single_image image=&#8221;2099&#8243; img_size=&#8221;964&#215;260&#8243; el_position=&#8221;first last&#8221;][\/vc_column][\/vc_row][vc_row][vc_column][vc_column_text el_position=&#8221;first last&#8221;]<\/p>\n<h1 style=\"text-align: center; color: #3a3261;\">Sistema de Gesti\u00f3n de Herramientas<\/h1>\n<p>[\/vc_column_text][\/vc_column][\/vc_row][vc_row el_position=&#8221;last&#8221;][vc_column][vc_column_text el_position=&#8221;first last&#8221;]<\/p>\n<p style=\"text-align: justify;\">Sistema que permite el manejo de herramientas, componentes y subcomponentes controlados en las m\u00e1quinas de la l\u00ednea de producci\u00f3n o en el mantenimiento del equipo. El sistema acompa\u00f1a y alerta las actividades de mantenimiento y el cambio de herramientas en las m\u00e1quinas, as\u00ed como mediciones y ajustes que deban realizarse para el control del equipo.<\/p>\n<p style=\"text-align: justify;\">Configurable de acuerdo con las caracter\u00edsticas de las m\u00e1quinas y con las herramientas de cada cliente, el sistema permite la elecci\u00f3n de la informaci\u00f3n a ser controlada individualmente por la m\u00e1quina, herramienta o equipo. Permite, de acuerdo con las particularidades deseadas, el control de inventario y la trazabilidad de las herramientas, adem\u00e1s de informes de gesti\u00f3n para el an\u00e1lisis de los mantenimientos y del hist\u00f3rico de producci\u00f3n.<\/p>\n<p>Beneficios logrados con el uso del sistema:<\/p>\n<p>REDUCCI\u00d3N DE COSTES<\/p>\n<p>&#8211; Disminuci\u00f3n del coste de adquisici\u00f3n y mantenimiento de las herramientas<\/p>\n<p>&#8211; Posibilidad de evaluar y comparar el rendimiento de las herramientas de m\u00faltiples proveedores<\/p>\n<p>MEJORAS EN LA GESTI\u00d3N<\/p>\n<p>&#8211; Posibilidad de conocer la relaci\u00f3n entre el intercambio de herramientas y la productividad de la maquinaria y equipo<\/p>\n<p>&#8211; Estandarizaci\u00f3n y mejor control del proceso de producci\u00f3n y del mantenimiento realizado<\/p>\n<p>&#8211; Informes en tiempo real de las herramientas asignadas y de cada situaci\u00f3n de la m\u00e1quina<\/p>\n<p>&#8211; Informes de gesti\u00f3n y alertas a los usuarios sobre la necesidad de cambio de herramientas y mantenimiento de la m\u00e1quina<\/p>\n<p>GANANCIA OPERACIONAL<\/p>\n<p>&#8211; Trazabilidad de herramientas controladas en el proceso productivo y en las actividades de mantenimiento<\/p>\n<p>&#8211; Organizaci\u00f3n y reducci\u00f3n del n\u00famero de herramientas en uso<\/p>\n<p>&#8211; Mayor agilidad y seguridad en el mantenimiento de m\u00e1quinas, herramientas y equipos<\/p>\n<p>&#8211; Mayor facilidad en la identificaci\u00f3n de problemas en la producci\u00f3n o en las actividades de mantenimiento<\/p>\n<p>&nbsp;<\/p>\n<h5 id=\"tw-target-text\" class=\"tw-data-text tw-text-large tw-ta\" dir=\"ltr\" data-placeholder=\"Tradu\u00e7\u00e3o\" aria-label=\"Texto traduzido\" data-ved=\"2ahUKEwjl6_uz7J2IAxV7rpUCHY_zD1MQ3ewLegQICBAU\"><a href=\"https:\/\/software.iconesoft.com.br\/es\"><span class=\"Y2IQFc\" lang=\"es\">Solicite una demostraci\u00f3n del Sistema de Gesti\u00f3n de Activos Industriales\u00a0 \u00a0ICONE Software<\/span><\/a><\/h5>\n<p>[\/vc_column_text][\/vc_column][\/vc_row]<\/p>\n","protected":false},"excerpt":{"rendered":"<p>[vc_row el_position=&#8221;first&#8221;][vc_column][vc_single_image image=&#8221;2099&#8243; img_size=&#8221;964&#215;260&#8243; el_position=&#8221;first last&#8221;][\/vc_column][\/vc_row][vc_row][vc_column][vc_column_text el_position=&#8221;first last&#8221;] Sistema de Gesti\u00f3n de Herramientas [\/vc_column_text][\/vc_column][\/vc_row][vc_row el_position=&#8221;last&#8221;][vc_column][vc_column_text el_position=&#8221;first last&#8221;] Sistema que permite el manejo de herramientas, componentes y subcomponentes controlados en las m\u00e1quinas de la l\u00ednea de producci\u00f3n o en el mantenimiento del equipo. El sistema acompa\u00f1a y alerta las actividades de mantenimiento y el cambio de [&hellip;]<\/p>\n","protected":false},"author":4,"featured_media":0,"parent":164,"menu_order":3,"comment_status":"open","ping_status":"closed","template":"page-full-products.php","meta":[],"_links":{"self":[{"href":"https:\/\/www.iconesoft.com.br\/esp\/wp-json\/wp\/v2\/pages\/1985"}],"collection":[{"href":"https:\/\/www.iconesoft.com.br\/esp\/wp-json\/wp\/v2\/pages"}],"about":[{"href":"https:\/\/www.iconesoft.com.br\/esp\/wp-json\/wp\/v2\/types\/page"}],"author":[{"embeddable":true,"href":"https:\/\/www.iconesoft.com.br\/esp\/wp-json\/wp\/v2\/users\/4"}],"replies":[{"embeddable":true,"href":"https:\/\/www.iconesoft.com.br\/esp\/wp-json\/wp\/v2\/comments?post=1985"}],"version-history":[{"count":22,"href":"https:\/\/www.iconesoft.com.br\/esp\/wp-json\/wp\/v2\/pages\/1985\/revisions"}],"predecessor-version":[{"id":2008,"href":"https:\/\/www.iconesoft.com.br\/esp\/wp-json\/wp\/v2\/pages\/1985\/revisions\/2008"}],"up":[{"embeddable":true,"href":"https:\/\/www.iconesoft.com.br\/esp\/wp-json\/wp\/v2\/pages\/164"}],"wp:attachment":[{"href":"https:\/\/www.iconesoft.com.br\/esp\/wp-json\/wp\/v2\/media?parent=1985"}],"curies":[{"name":"wp","href":"https:\/\/api.w.org\/{rel}","templated":true}]}}