{"id":1449,"date":"2014-04-11T17:25:37","date_gmt":"2014-04-11T17:25:37","guid":{"rendered":"https:\/\/www.iconesoft.com.br\/esp\/?page_id=1449"},"modified":"2016-09-20T20:43:35","modified_gmt":"2016-09-20T20:43:35","slug":"fealq","status":"publish","type":"page","link":"https:\/\/www.iconesoft.com.br\/esp\/clientes\/fealq\/","title":{"rendered":"Fealq"},"content":{"rendered":"<p>[vc_row el_position=&#8221;first&#8221;][vc_column][vc_single_image image=&#8221;1560&#8243; img_size=&#8221;960&#215;443&#8243; onclick=&#8221;custom_link&#8221; img_link_target=&#8221;_blank&#8221; img_link=&#8221;http:\/\/fealq.org.br\/&#8221; el_position=&#8221;first last&#8221; link=&#8221;http:\/\/www.fealq.org.br&#8221;][\/vc_column][\/vc_row][vc_row][vc_column][vc_column_text] [\/vc_column_text][\/vc_column][\/vc_row][vc_row el_position=&#8221;last&#8221;][vc_column][vc_column_text el_position=&#8221;first last&#8221;]<\/p>\n<p><strong>ATIVIDADE<\/strong>: Funda\u00e7\u00e3o de direito privado que apoia programas de desenvolvimento cient\u00edfico, econ\u00f4mico e social da Universidade de S\u00e3o Paulo e de institui\u00e7\u00f5es p\u00fablicas e privadas .<\/p>\n<p><strong>SETOR<\/strong>: Servi\u00e7os<\/p>\n<p style=\"text-align: justify;\"><strong>SOFTWARE<\/strong>: Sistema de Gest\u00e3o Empresarial (ERP)<\/p>\n<p style=\"text-align: justify;\">Sistema totalmente customizado conforme as necessidades do cliente (Funda\u00e7\u00e3o) que permite a gest\u00e3o de toda empresa de maneira integrada e engloba os seguintes m\u00f3dulos: Cont\u00e1bil, Controle Patrimonial, Faturamento, Financeiro, Fiscal, Gera\u00e7\u00e3o de Arquivos, Gest\u00e3o de Estoque, Protocolo dos Projetos.<\/p>\n<p style=\"text-align: justify;\">Obrigado pela parceria desde 2001.<\/p>\n<p>[\/vc_column_text][\/vc_column][\/vc_row]<\/p>\n","protected":false},"excerpt":{"rendered":"<p>[vc_row el_position=&#8221;first&#8221;][vc_column][vc_single_image image=&#8221;1560&#8243; img_size=&#8221;960&#215;443&#8243; onclick=&#8221;custom_link&#8221; img_link_target=&#8221;_blank&#8221; img_link=&#8221;http:\/\/fealq.org.br\/&#8221; el_position=&#8221;first last&#8221; link=&#8221;http:\/\/www.fealq.org.br&#8221;][\/vc_column][\/vc_row][vc_row][vc_column][vc_column_text] [\/vc_column_text][\/vc_column][\/vc_row][vc_row el_position=&#8221;last&#8221;][vc_column][vc_column_text el_position=&#8221;first last&#8221;] ATIVIDADE: Funda\u00e7\u00e3o de direito privado que apoia programas de desenvolvimento cient\u00edfico, econ\u00f4mico e social da Universidade de S\u00e3o Paulo e de institui\u00e7\u00f5es p\u00fablicas e privadas . SETOR: Servi\u00e7os SOFTWARE: Sistema de Gest\u00e3o Empresarial (ERP) Sistema totalmente customizado conforme as necessidades do [&hellip;]<\/p>\n","protected":false},"author":1,"featured_media":0,"parent":1291,"menu_order":10,"comment_status":"open","ping_status":"closed","template":"page-clients.php","meta":[],"_links":{"self":[{"href":"https:\/\/www.iconesoft.com.br\/esp\/wp-json\/wp\/v2\/pages\/1449"}],"collection":[{"href":"https:\/\/www.iconesoft.com.br\/esp\/wp-json\/wp\/v2\/pages"}],"about":[{"href":"https:\/\/www.iconesoft.com.br\/esp\/wp-json\/wp\/v2\/types\/page"}],"author":[{"embeddable":true,"href":"https:\/\/www.iconesoft.com.br\/esp\/wp-json\/wp\/v2\/users\/1"}],"replies":[{"embeddable":true,"href":"https:\/\/www.iconesoft.com.br\/esp\/wp-json\/wp\/v2\/comments?post=1449"}],"version-history":[{"count":13,"href":"https:\/\/www.iconesoft.com.br\/esp\/wp-json\/wp\/v2\/pages\/1449\/revisions"}],"predecessor-version":[{"id":1976,"href":"https:\/\/www.iconesoft.com.br\/esp\/wp-json\/wp\/v2\/pages\/1449\/revisions\/1976"}],"up":[{"embeddable":true,"href":"https:\/\/www.iconesoft.com.br\/esp\/wp-json\/wp\/v2\/pages\/1291"}],"wp:attachment":[{"href":"https:\/\/www.iconesoft.com.br\/esp\/wp-json\/wp\/v2\/media?parent=1449"}],"curies":[{"name":"wp","href":"https:\/\/api.w.org\/{rel}","templated":true}]}}