{"id":1408,"date":"2014-04-11T15:49:45","date_gmt":"2014-04-11T15:49:45","guid":{"rendered":"https:\/\/www.iconesoft.com.br\/esp\/?page_id=1408"},"modified":"2017-04-06T13:59:37","modified_gmt":"2017-04-06T13:59:37","slug":"desenvolvimento-sob-medida-2","status":"publish","type":"page","link":"https:\/\/www.iconesoft.com.br\/esp\/servicos\/desenvolvimento-sob-medida-2\/","title":{"rendered":"Desarrollo, Implantaci\u00f3n y Soporte a Sistemas"},"content":{"rendered":"<p>[vc_row el_position=&#8221;first&#8221;][vc_column][vc_single_image image=&#8221;2103&#8243; img_size=&#8221;960&#215;260&#8243; el_position=&#8221;first last&#8221;][\/vc_column][\/vc_row][vc_row][vc_column][vc_column_text] [\/vc_column_text][\/vc_column][\/vc_row][vc_row][vc_column][vc_single_image image=&#8221;1406&#8243; img_size=&#8221;960&#215;5&#8243; el_position=&#8221;first last&#8221;][\/vc_column][\/vc_row][vc_row][vc_column][vc_column_text] [\/vc_column_text][\/vc_column][\/vc_row][vc_row][vc_column][vc_column_text el_position=&#8221;first&#8221;]<\/p>\n<h1>Desarrollo, Implantaci\u00f3n y Soporte a Sistemas<\/h1>\n<p>[\/vc_column_text][vc_column_text el_position=&#8221;last&#8221;]<\/p>\n<p style=\"text-align: justify;\">Con m\u00e1s de 20 a\u00f1os de experiencia en el desarrollo de sistemas a medida, ICONE Software ya ha llevado a cabo proyectos en varios segmentos del mercado, en el sector privado y en el sector p\u00fablico. Los socios de la empresa participan directamente como l\u00edderes en el proceso, con experiencia comprobada en todas las etapas, desde el an\u00e1lisis de las necesidades del cliente, especificaci\u00f3n, desarrollo del sistema, hasta la implementaci\u00f3n, entrenamiento y soporte a los usuarios.<\/p>\n<p>Algunos de nuestros sistemas ayudan empresas l\u00edderes globales, que son destaque y referencia en su \u00e1mbito de actuaci\u00f3n.<\/p>\n<p style=\"text-align: justify;\">Con proyectos realizados en todo el Brasil y en otros pa\u00edses, la ICONE posee t\u00e9cnicos con experiencia internacional y dominio de otros idiomas.<\/p>\n<p><span style=\"line-height: 1.5em;\">Tenemos como principios al participar de proyectos en el \u00e1rea de sistemas:<\/span><\/p>\n<p>&#8211; Llevar a cabo estudios extensos y precisos seg\u00fan las mejores pr\u00e1cticas.<\/p>\n<p>&#8211; Crear documentos de especificaciones detalladas y completas de manera estandarizada.<\/p>\n<p>&#8211; Programar de manera eficiente y llevar a cabo las pruebas con rigor para minimizar la ocurrencia de errores en la implementaci\u00f3n.<\/p>\n<p>&#8211; Llevar a cabo el entrenamiento de los usuarios en persona u online, seg\u00fan sea necesario.<\/p>\n<p>&#8211; Proporcionar apoyo a los usuarios de los sistemas implementados.<\/p>\n<p>&#8211; Acompa\u00f1ar los cambios tecnol\u00f3gicos y ofrecer al cliente la posibilidad de actualizar los sistemas.<\/p>\n<p>&#8211; Asegurar el \u00e9xito del proyecto y el logro de los resultados esperados.[\/vc_column_text][\/vc_column][\/vc_row][vc_row][vc_column][vc_column_text] [\/vc_column_text][\/vc_column][\/vc_row][vc_row el_position=&#8221;last&#8221;][vc_column][vc_single_image image=&#8221;2105&#8243; img_size=&#8221;960&#215;465&#8243; el_position=&#8221;first last&#8221;][\/vc_column][\/vc_row]<\/p>\n","protected":false},"excerpt":{"rendered":"<p>[vc_row el_position=&#8221;first&#8221;][vc_column][vc_single_image image=&#8221;2103&#8243; img_size=&#8221;960&#215;260&#8243; el_position=&#8221;first last&#8221;][\/vc_column][\/vc_row][vc_row][vc_column][vc_column_text] [\/vc_column_text][\/vc_column][\/vc_row][vc_row][vc_column][vc_single_image image=&#8221;1406&#8243; img_size=&#8221;960&#215;5&#8243; el_position=&#8221;first last&#8221;][\/vc_column][\/vc_row][vc_row][vc_column][vc_column_text] [\/vc_column_text][\/vc_column][\/vc_row][vc_row][vc_column][vc_column_text el_position=&#8221;first&#8221;] Desarrollo, Implantaci\u00f3n y Soporte a Sistemas [\/vc_column_text][vc_column_text el_position=&#8221;last&#8221;] Con m\u00e1s de 20 a\u00f1os de experiencia en el desarrollo de sistemas a medida, ICONE Software ya ha llevado a cabo proyectos en varios segmentos del mercado, en el sector privado y en el [&hellip;]<\/p>\n","protected":false},"author":1,"featured_media":0,"parent":1288,"menu_order":2,"comment_status":"open","ping_status":"closed","template":"page-full-services.php","meta":[],"_links":{"self":[{"href":"https:\/\/www.iconesoft.com.br\/esp\/wp-json\/wp\/v2\/pages\/1408"}],"collection":[{"href":"https:\/\/www.iconesoft.com.br\/esp\/wp-json\/wp\/v2\/pages"}],"about":[{"href":"https:\/\/www.iconesoft.com.br\/esp\/wp-json\/wp\/v2\/types\/page"}],"author":[{"embeddable":true,"href":"https:\/\/www.iconesoft.com.br\/esp\/wp-json\/wp\/v2\/users\/1"}],"replies":[{"embeddable":true,"href":"https:\/\/www.iconesoft.com.br\/esp\/wp-json\/wp\/v2\/comments?post=1408"}],"version-history":[{"count":21,"href":"https:\/\/www.iconesoft.com.br\/esp\/wp-json\/wp\/v2\/pages\/1408\/revisions"}],"predecessor-version":[{"id":2264,"href":"https:\/\/www.iconesoft.com.br\/esp\/wp-json\/wp\/v2\/pages\/1408\/revisions\/2264"}],"up":[{"embeddable":true,"href":"https:\/\/www.iconesoft.com.br\/esp\/wp-json\/wp\/v2\/pages\/1288"}],"wp:attachment":[{"href":"https:\/\/www.iconesoft.com.br\/esp\/wp-json\/wp\/v2\/media?parent=1408"}],"curies":[{"name":"wp","href":"https:\/\/api.w.org\/{rel}","templated":true}]}}