{"id":1386,"date":"2014-04-11T15:25:39","date_gmt":"2014-04-11T15:25:39","guid":{"rendered":"https:\/\/www.iconesoft.com.br\/esp\/?page_id=1386"},"modified":"2017-04-04T19:14:20","modified_gmt":"2017-04-04T19:14:20","slug":"interface-mini-tab","status":"publish","type":"page","link":"https:\/\/www.iconesoft.com.br\/esp\/produtos\/interface-mini-tab\/","title":{"rendered":"Interface Minitab"},"content":{"rendered":"<p>[vc_row el_position=&#8221;first&#8221;][vc_column][vc_single_image image=&#8221;1618&#8243; img_size=&#8221;964&#215;260&#8243; el_position=&#8221;first last&#8221;][\/vc_column][\/vc_row][vc_row][vc_column][vc_column_text] [\/vc_column_text][\/vc_column][\/vc_row][vc_row][vc_column][vc_column_text el_position=&#8221;first last&#8221;]<\/p>\n<h1 style=\"text-align: center;\">Sistema de Monitoreo de la Producci\u00f3n<\/h1>\n<p>[\/vc_column_text][\/vc_column][\/vc_row][vc_row][vc_column][vc_column_text] [\/vc_column_text][\/vc_column][\/vc_row][vc_row el_position=&#8221;last&#8221;][vc_column][vc_column_text el_position=&#8221;first last&#8221;]<\/p>\n<p style=\"text-align: justify;\">Sistema integrado a bases de datos externas y equipamientos PLC, que permite capturar datos referentes a la producci\u00f3n y realizar la interfaz de estas informaciones de manera autom\u00e1tica para software de control estad\u00edstico.<\/p>\n<p style=\"text-align: justify;\">Personalizado de acuerdo con los controles deseados por cada cliente, el sistema permite la elecci\u00f3n de las informaciones de producci\u00f3n que ser\u00e1n recogidas y del tipo de an\u00e1lisis estad\u00edstico y de gr\u00e1fico a ser generado en la interfaz con el Minitab\u00ae.<\/p>\n<p style=\"text-align: justify;\">Mediante el an\u00e1lisis de los gr\u00e1ficos generados autom\u00e1ticamente, se puede realizar el monitoreo y la gesti\u00f3n de la producci\u00f3n, y tomar las acciones correctivas necesarias para garantizar la productividad y la calidad en el proceso.<\/p>\n<p>[\/vc_column_text][\/vc_column][\/vc_row]<\/p>\n","protected":false},"excerpt":{"rendered":"<p>[vc_row el_position=&#8221;first&#8221;][vc_column][vc_single_image image=&#8221;1618&#8243; img_size=&#8221;964&#215;260&#8243; el_position=&#8221;first last&#8221;][\/vc_column][\/vc_row][vc_row][vc_column][vc_column_text] [\/vc_column_text][\/vc_column][\/vc_row][vc_row][vc_column][vc_column_text el_position=&#8221;first last&#8221;] Sistema de Monitoreo de la Producci\u00f3n [\/vc_column_text][\/vc_column][\/vc_row][vc_row][vc_column][vc_column_text] [\/vc_column_text][\/vc_column][\/vc_row][vc_row el_position=&#8221;last&#8221;][vc_column][vc_column_text el_position=&#8221;first last&#8221;] Sistema integrado a bases de datos externas y equipamientos PLC, que permite capturar datos referentes a la producci\u00f3n y realizar la interfaz de estas informaciones de manera autom\u00e1tica para software de control estad\u00edstico. Personalizado de [&hellip;]<\/p>\n","protected":false},"author":1,"featured_media":0,"parent":164,"menu_order":3,"comment_status":"open","ping_status":"closed","template":"page-full-products.php","meta":[],"_links":{"self":[{"href":"https:\/\/www.iconesoft.com.br\/esp\/wp-json\/wp\/v2\/pages\/1386"}],"collection":[{"href":"https:\/\/www.iconesoft.com.br\/esp\/wp-json\/wp\/v2\/pages"}],"about":[{"href":"https:\/\/www.iconesoft.com.br\/esp\/wp-json\/wp\/v2\/types\/page"}],"author":[{"embeddable":true,"href":"https:\/\/www.iconesoft.com.br\/esp\/wp-json\/wp\/v2\/users\/1"}],"replies":[{"embeddable":true,"href":"https:\/\/www.iconesoft.com.br\/esp\/wp-json\/wp\/v2\/comments?post=1386"}],"version-history":[{"count":17,"href":"https:\/\/www.iconesoft.com.br\/esp\/wp-json\/wp\/v2\/pages\/1386\/revisions"}],"predecessor-version":[{"id":2230,"href":"https:\/\/www.iconesoft.com.br\/esp\/wp-json\/wp\/v2\/pages\/1386\/revisions\/2230"}],"up":[{"embeddable":true,"href":"https:\/\/www.iconesoft.com.br\/esp\/wp-json\/wp\/v2\/pages\/164"}],"wp:attachment":[{"href":"https:\/\/www.iconesoft.com.br\/esp\/wp-json\/wp\/v2\/media?parent=1386"}],"curies":[{"name":"wp","href":"https:\/\/api.w.org\/{rel}","templated":true}]}}