{"id":1385,"date":"2014-04-11T15:25:34","date_gmt":"2014-04-11T15:25:34","guid":{"rendered":"https:\/\/www.iconesoft.com.br\/esp\/?page_id=1385"},"modified":"2017-04-05T21:22:31","modified_gmt":"2017-04-05T21:22:31","slug":"sgi","status":"publish","type":"page","link":"https:\/\/www.iconesoft.com.br\/esp\/produtos\/sgi\/","title":{"rendered":"SGI"},"content":{"rendered":"<p>[vc_row el_position=&#8221;first&#8221;][vc_column][vc_single_image image=&#8221;2097&#8243; img_size=&#8221;964&#215;260&#8243; el_position=&#8221;first last&#8221;][\/vc_column][\/vc_row][vc_row][vc_column][vc_column_text] [\/vc_column_text][\/vc_column][\/vc_row][vc_row][vc_column][vc_column_text el_position=&#8221;first last&#8221;]<\/p>\n<h1 style=\"text-align: center;\"><span style=\"color: #36c87c;\">Sistema de Comercializaci\u00f3n Inmobiliaria<\/span><\/h1>\n<p>[\/vc_column_text][\/vc_column][\/vc_row][vc_row][vc_column][vc_column_text] [\/vc_column_text][\/vc_column][\/vc_row][vc_row el_position=&#8221;last&#8221;][vc_column][vc_column_text el_position=&#8221;first last&#8221;]<\/p>\n<p style=\"text-align: justify;\">Sistema para la comercializaci\u00f3n de edificios, lotes e inmuebles en general. Incluye todas las etapas de los procesos de venta, control financiero y del servicio al cliente. Desde el primer contacto con el cliente hasta la liquidaci\u00f3n del contrato.<\/p>\n<p style=\"text-align: justify;\">Realiza el control y la correcci\u00f3n monetaria de las operaciones de financiaci\u00f3n inmobiliaria y\u00a0el cobro de los valores actualizados\u00a0 a trav\u00e9s de integraci\u00f3n con bancos.<\/p>\n<p style=\"text-align: justify;\">Seguimos\u00a0las mejores pr\u00e1cticas del mercado, con experiencia adquirida en m\u00e1s de 20\u00a0a\u00f1os de trabajo en la implementaci\u00f3n y desarrollo de sistemas. Recientemente hemos hecho la conversi\u00f3n del sistema a una nueva plataforma que permite la personalizaci\u00f3n con agilidad, adem\u00e1s de proporcionar\u00a0<span lang=\"es\">acceso al sistema a trav\u00e9s de Internet<\/span>, lo que reduce los costes de implementaci\u00f3n y mantenimiento.<\/p>\n<p>[\/vc_column_text][\/vc_column][\/vc_row]<\/p>\n","protected":false},"excerpt":{"rendered":"<p>[vc_row el_position=&#8221;first&#8221;][vc_column][vc_single_image image=&#8221;2097&#8243; img_size=&#8221;964&#215;260&#8243; el_position=&#8221;first last&#8221;][\/vc_column][\/vc_row][vc_row][vc_column][vc_column_text] [\/vc_column_text][\/vc_column][\/vc_row][vc_row][vc_column][vc_column_text el_position=&#8221;first last&#8221;] Sistema de Comercializaci\u00f3n Inmobiliaria [\/vc_column_text][\/vc_column][\/vc_row][vc_row][vc_column][vc_column_text] [\/vc_column_text][\/vc_column][\/vc_row][vc_row el_position=&#8221;last&#8221;][vc_column][vc_column_text el_position=&#8221;first last&#8221;] Sistema para la comercializaci\u00f3n de edificios, lotes e inmuebles en general. Incluye todas las etapas de los procesos de venta, control financiero y del servicio al cliente. Desde el primer contacto con el cliente hasta la liquidaci\u00f3n [&hellip;]<\/p>\n","protected":false},"author":1,"featured_media":0,"parent":164,"menu_order":2,"comment_status":"open","ping_status":"closed","template":"page-full-products.php","meta":[],"_links":{"self":[{"href":"https:\/\/www.iconesoft.com.br\/esp\/wp-json\/wp\/v2\/pages\/1385"}],"collection":[{"href":"https:\/\/www.iconesoft.com.br\/esp\/wp-json\/wp\/v2\/pages"}],"about":[{"href":"https:\/\/www.iconesoft.com.br\/esp\/wp-json\/wp\/v2\/types\/page"}],"author":[{"embeddable":true,"href":"https:\/\/www.iconesoft.com.br\/esp\/wp-json\/wp\/v2\/users\/1"}],"replies":[{"embeddable":true,"href":"https:\/\/www.iconesoft.com.br\/esp\/wp-json\/wp\/v2\/comments?post=1385"}],"version-history":[{"count":26,"href":"https:\/\/www.iconesoft.com.br\/esp\/wp-json\/wp\/v2\/pages\/1385\/revisions"}],"predecessor-version":[{"id":2261,"href":"https:\/\/www.iconesoft.com.br\/esp\/wp-json\/wp\/v2\/pages\/1385\/revisions\/2261"}],"up":[{"embeddable":true,"href":"https:\/\/www.iconesoft.com.br\/esp\/wp-json\/wp\/v2\/pages\/164"}],"wp:attachment":[{"href":"https:\/\/www.iconesoft.com.br\/esp\/wp-json\/wp\/v2\/media?parent=1385"}],"curies":[{"name":"wp","href":"https:\/\/api.w.org\/{rel}","templated":true}]}}