{"id":1348,"date":"2014-03-28T20:06:09","date_gmt":"2014-03-28T20:06:09","guid":{"rendered":"https:\/\/www.iconesoft.com.br\/esp\/?page_id=1348"},"modified":"2017-04-06T14:22:30","modified_gmt":"2017-04-06T14:22:30","slug":"interface-integracao-com-sistemas","status":"publish","type":"page","link":"https:\/\/www.iconesoft.com.br\/esp\/servicos\/interface-integracao-com-sistemas\/","title":{"rendered":"Interfaz \/ Integraci\u00f3n con Sistemas y Dispositivos"},"content":{"rendered":"<p>[vc_row el_position=&#8221;first&#8221;][vc_column][vc_single_image image=&#8221;2101&#8243; img_size=&#8221;960&#215;260&#8243; el_position=&#8221;first last&#8221;][\/vc_column][\/vc_row][vc_row][vc_column][vc_column_text] [\/vc_column_text][\/vc_column][\/vc_row][vc_row][vc_column][vc_single_image image=&#8221;1406&#8243; img_size=&#8221;960&#215;5&#8243; el_position=&#8221;first last&#8221;][\/vc_column][\/vc_row][vc_row][vc_column][vc_column_text] [\/vc_column_text][\/vc_column][\/vc_row][vc_row el_position=&#8221;last&#8221;][vc_column][vc_column_text el_position=&#8221;first&#8221;]<\/p>\n<h1><span style=\"color: #42a2df;\">Interfaz \/ Integraci\u00f3n con Sistemas y Dispositivos<\/span><\/h1>\n<p>[\/vc_column_text][vc_column_text el_position=&#8221;last&#8221;]<\/p>\n<p style=\"text-align: justify;\">La experiencia acumulada en m\u00e1s de un centenar de proyectos exitosos nos permite desarrollar e implementar integraci\u00f3n entre sistemas e interfaces con dispositivos externos, a trav\u00e9s de diferentes tecnolog\u00edas y bases de datos. Entre las tecnolog\u00edas con las cuales ya trabajamos, se destacan:<\/p>\n<p>\u2022 Kanban Electr\u00f3nico<\/p>\n<p>\u2022 PLC (Programmable Logic Controller)<\/p>\n<p><span style=\"line-height: 1.5em;\">\u2022 Software de Control Estad\u00edstico de la Producci\u00f3n<\/span><\/p>\n<p>\u2022 Sensores Industriales de Controle<\/p>\n<p>\u2022 RFID (Radio-Frequency Identification)<\/p>\n<p>\u2022 Captura y Manipulaci\u00f3n de Im\u00e1genes<\/p>\n<p>\u2022 Colector de Datos<\/p>\n<p>\u2022 Digitalizaci\u00f3n \u2013 Esc\u00e1ner\/C\u00e1maras<\/p>\n<p>\u2022\u00a0Impresora T\u00e9rmica<\/p>\n<p>\u2022 Sistema de Gesti\u00f3n (ERP, CRM, Data Mining)<\/p>\n<p>\u2022 Software GIS (Geographic Information Controller)<\/p>\n<p>\u2022 Sistemas de la Agencia Tributaria del Brasil: SPED, ESOCIAL, DIRF, DIMOB<\/p>\n<p>\u2022 Sistema de Emisi\u00f3n de Factura Electr\u00f3nica y Cup\u00f3n SAT (Alcald\u00eda y Secretar\u00eda de Estado)[\/vc_column_text][\/vc_column][\/vc_row]<\/p>\n","protected":false},"excerpt":{"rendered":"<p>[vc_row el_position=&#8221;first&#8221;][vc_column][vc_single_image image=&#8221;2101&#8243; img_size=&#8221;960&#215;260&#8243; el_position=&#8221;first last&#8221;][\/vc_column][\/vc_row][vc_row][vc_column][vc_column_text] [\/vc_column_text][\/vc_column][\/vc_row][vc_row][vc_column][vc_single_image image=&#8221;1406&#8243; img_size=&#8221;960&#215;5&#8243; el_position=&#8221;first last&#8221;][\/vc_column][\/vc_row][vc_row][vc_column][vc_column_text] [\/vc_column_text][\/vc_column][\/vc_row][vc_row el_position=&#8221;last&#8221;][vc_column][vc_column_text el_position=&#8221;first&#8221;] Interfaz \/ Integraci\u00f3n con Sistemas y Dispositivos [\/vc_column_text][vc_column_text el_position=&#8221;last&#8221;] La experiencia acumulada en m\u00e1s de un centenar de proyectos exitosos nos permite desarrollar e implementar integraci\u00f3n entre sistemas e interfaces con dispositivos externos, a trav\u00e9s de diferentes tecnolog\u00edas y bases de [&hellip;]<\/p>\n","protected":false},"author":1,"featured_media":0,"parent":1288,"menu_order":1,"comment_status":"open","ping_status":"closed","template":"page-full-services.php","meta":[],"_links":{"self":[{"href":"https:\/\/www.iconesoft.com.br\/esp\/wp-json\/wp\/v2\/pages\/1348"}],"collection":[{"href":"https:\/\/www.iconesoft.com.br\/esp\/wp-json\/wp\/v2\/pages"}],"about":[{"href":"https:\/\/www.iconesoft.com.br\/esp\/wp-json\/wp\/v2\/types\/page"}],"author":[{"embeddable":true,"href":"https:\/\/www.iconesoft.com.br\/esp\/wp-json\/wp\/v2\/users\/1"}],"replies":[{"embeddable":true,"href":"https:\/\/www.iconesoft.com.br\/esp\/wp-json\/wp\/v2\/comments?post=1348"}],"version-history":[{"count":25,"href":"https:\/\/www.iconesoft.com.br\/esp\/wp-json\/wp\/v2\/pages\/1348\/revisions"}],"predecessor-version":[{"id":2265,"href":"https:\/\/www.iconesoft.com.br\/esp\/wp-json\/wp\/v2\/pages\/1348\/revisions\/2265"}],"up":[{"embeddable":true,"href":"https:\/\/www.iconesoft.com.br\/esp\/wp-json\/wp\/v2\/pages\/1288"}],"wp:attachment":[{"href":"https:\/\/www.iconesoft.com.br\/esp\/wp-json\/wp\/v2\/media?parent=1348"}],"curies":[{"name":"wp","href":"https:\/\/api.w.org\/{rel}","templated":true}]}}