{"id":1332,"date":"2014-03-28T19:37:45","date_gmt":"2014-03-28T19:37:45","guid":{"rendered":"https:\/\/www.iconesoft.com.br\/esp\/?page_id=1332"},"modified":"2017-04-04T18:12:45","modified_gmt":"2017-04-04T18:12:45","slug":"virtualdoc","status":"publish","type":"page","link":"https:\/\/www.iconesoft.com.br\/esp\/produtos\/virtualdoc\/","title":{"rendered":"Virtual Doc"},"content":{"rendered":"<p>[vc_row el_position=&#8221;first&#8221;][vc_column][vc_single_image image=&#8221;1620&#8243; img_size=&#8221;964&#215;260&#8243; el_position=&#8221;first last&#8221;][\/vc_column][\/vc_row][vc_row][vc_column][vc_column_text] [\/vc_column_text][\/vc_column][\/vc_row][vc_row][vc_column][vc_column_text el_position=&#8221;first last&#8221;]<\/p>\n<h1 style=\"text-align: center;\"><span style=\"color: #1677e8;\">VirtualDoc \u2013 Sistema de Gesti\u00f3n Personalizado<\/span><\/h1>\n<p>[\/vc_column_text][\/vc_column][\/vc_row][vc_row][vc_column][vc_column_text] [\/vc_column_text][\/vc_column][\/vc_row][vc_row el_position=&#8221;last&#8221;][vc_column][vc_column_text el_position=&#8221;first last&#8221;]<\/p>\n<p style=\"text-align: justify;\">Tenga un sistema administrativo y financiero a medida para sus necesidades. Un sistema personalizado para su empresa, que controla lo que importa a usted y de la manera que su empresa necesita.<\/p>\n<p style=\"text-align: justify;\">Utilizando VirtualDoc, no tendr\u00e1 que adaptarse a rutinas indeseadas y a campos que no tienen sentido, ya que el sistema ser\u00e1 adaptado a su negocio. Utilizamos una plataforma de desarrollo que permite customizar nuestro sistema de forma r\u00e1pida y segura. De esta manera, podemos ofrecer la implantaci\u00f3n de un sistema de acuerdo con las caracter\u00edsticas espec\u00edficas de su empresa, pero, al mismo tiempo, con costes asequibles.<\/p>\n<p style=\"text-align: justify;\">Nuestro sistema y experiencia puede ayudar a implementar los controles necesarios para el gerenciamiento eficiente de su proceso de trabajo.<\/p>\n<p>[\/vc_column_text][\/vc_column][\/vc_row]<\/p>\n","protected":false},"excerpt":{"rendered":"<p>[vc_row el_position=&#8221;first&#8221;][vc_column][vc_single_image image=&#8221;1620&#8243; img_size=&#8221;964&#215;260&#8243; el_position=&#8221;first last&#8221;][\/vc_column][\/vc_row][vc_row][vc_column][vc_column_text] [\/vc_column_text][\/vc_column][\/vc_row][vc_row][vc_column][vc_column_text el_position=&#8221;first last&#8221;] VirtualDoc \u2013 Sistema de Gesti\u00f3n Personalizado [\/vc_column_text][\/vc_column][\/vc_row][vc_row][vc_column][vc_column_text] [\/vc_column_text][\/vc_column][\/vc_row][vc_row el_position=&#8221;last&#8221;][vc_column][vc_column_text el_position=&#8221;first last&#8221;] Tenga un sistema administrativo y financiero a medida para sus necesidades. Un sistema personalizado para su empresa, que controla lo que importa a usted y de la manera que su empresa necesita. Utilizando VirtualDoc, no [&hellip;]<\/p>\n","protected":false},"author":1,"featured_media":0,"parent":164,"menu_order":1,"comment_status":"open","ping_status":"closed","template":"page-full-products.php","meta":[],"_links":{"self":[{"href":"https:\/\/www.iconesoft.com.br\/esp\/wp-json\/wp\/v2\/pages\/1332"}],"collection":[{"href":"https:\/\/www.iconesoft.com.br\/esp\/wp-json\/wp\/v2\/pages"}],"about":[{"href":"https:\/\/www.iconesoft.com.br\/esp\/wp-json\/wp\/v2\/types\/page"}],"author":[{"embeddable":true,"href":"https:\/\/www.iconesoft.com.br\/esp\/wp-json\/wp\/v2\/users\/1"}],"replies":[{"embeddable":true,"href":"https:\/\/www.iconesoft.com.br\/esp\/wp-json\/wp\/v2\/comments?post=1332"}],"version-history":[{"count":24,"href":"https:\/\/www.iconesoft.com.br\/esp\/wp-json\/wp\/v2\/pages\/1332\/revisions"}],"predecessor-version":[{"id":2224,"href":"https:\/\/www.iconesoft.com.br\/esp\/wp-json\/wp\/v2\/pages\/1332\/revisions\/2224"}],"up":[{"embeddable":true,"href":"https:\/\/www.iconesoft.com.br\/esp\/wp-json\/wp\/v2\/pages\/164"}],"wp:attachment":[{"href":"https:\/\/www.iconesoft.com.br\/esp\/wp-json\/wp\/v2\/media?parent=1332"}],"curies":[{"name":"wp","href":"https:\/\/api.w.org\/{rel}","templated":true}]}}