{"id":1435,"date":"2014-04-11T17:25:59","date_gmt":"2014-04-11T17:25:59","guid":{"rendered":"https:\/\/www.iconesoft.com.br\/eng\/?page_id=1435"},"modified":"2016-09-20T19:13:45","modified_gmt":"2016-09-20T19:13:45","slug":"dresser","status":"publish","type":"page","link":"https:\/\/www.iconesoft.com.br\/eng\/clientes\/dresser\/","title":{"rendered":"Dresser"},"content":{"rendered":"<p>[vc_row el_position=&#8221;first&#8221;][vc_column][vc_single_image image=&#8221;1439&#8243; img_size=&#8221;960&#215;443&#8243; onclick=&#8221;custom_link&#8221; img_link_target=&#8221;_blank&#8221; img_link=&#8221;http:\/\/dresser-valve.co.uk\/&#8221; el_position=&#8221;first last&#8221; link=&#8221;http:\/\/www.dresser.com&#8221;][\/vc_column][\/vc_row][vc_row][vc_column][vc_column_text] [\/vc_column_text][\/vc_column][\/vc_row][vc_row el_position=&#8221;last&#8221;][vc_column][vc_column_text el_position=&#8221;first last&#8221;]<\/p>\n<p style=\"text-align: justify;\"><strong>ATIVIDADE<\/strong>: Fabricante de v\u00e1lvulas e equipamentos industriais<\/p>\n<p style=\"text-align: justify;\"><strong>SETOR<\/strong>: Ind\u00fastria<\/p>\n<p style=\"text-align: justify;\"><strong style=\"line-height: 1.5em;\">SOFTWARE<\/strong><span style=\"line-height: 1.5em;\">: Sistema de Vendas<\/span><\/p>\n<p style=\"text-align: justify;\">Sistema de Vendas integrado ao ERP da empresa. Contempla todas as etapas do processo de vendas: confec\u00e7\u00e3o da proposta, envio de documentos, revis\u00e3o de proposta, gera\u00e7\u00e3o do pedido de venda, encaminhamento ao PCP da f\u00e1brica.<\/p>\n<p style=\"text-align: justify;\"><strong>SOFTWARE<\/strong>: Sistema de Materiais<\/p>\n<p style=\"text-align: justify;\">Sistema de Cadastramento de Pe\u00e7as para Fabrica\u00e7\u00e3o. Ap\u00f3s a identifica\u00e7\u00e3o da pe\u00e7a o sistema faz o desdobramento em v\u00e1rios subconjuntos e envia para a fabrica\u00e7\u00e3o de forma detalhada.<\/p>\n<p>[\/vc_column_text][\/vc_column][\/vc_row]<\/p>\n","protected":false},"excerpt":{"rendered":"<p>[vc_row el_position=&#8221;first&#8221;][vc_column][vc_single_image image=&#8221;1439&#8243; img_size=&#8221;960&#215;443&#8243; onclick=&#8221;custom_link&#8221; img_link_target=&#8221;_blank&#8221; img_link=&#8221;http:\/\/dresser-valve.co.uk\/&#8221; el_position=&#8221;first last&#8221; link=&#8221;http:\/\/www.dresser.com&#8221;][\/vc_column][\/vc_row][vc_row][vc_column][vc_column_text] [\/vc_column_text][\/vc_column][\/vc_row][vc_row el_position=&#8221;last&#8221;][vc_column][vc_column_text el_position=&#8221;first last&#8221;] ATIVIDADE: Fabricante de v\u00e1lvulas e equipamentos industriais SETOR: Ind\u00fastria SOFTWARE: Sistema de Vendas Sistema de Vendas integrado ao ERP da empresa. Contempla todas as etapas do processo de vendas: confec\u00e7\u00e3o da proposta, envio de documentos, revis\u00e3o de proposta, gera\u00e7\u00e3o do pedido [&hellip;]<\/p>\n","protected":false},"author":1,"featured_media":0,"parent":1291,"menu_order":4,"comment_status":"open","ping_status":"closed","template":"page-clients.php","meta":[],"_links":{"self":[{"href":"https:\/\/www.iconesoft.com.br\/eng\/wp-json\/wp\/v2\/pages\/1435"}],"collection":[{"href":"https:\/\/www.iconesoft.com.br\/eng\/wp-json\/wp\/v2\/pages"}],"about":[{"href":"https:\/\/www.iconesoft.com.br\/eng\/wp-json\/wp\/v2\/types\/page"}],"author":[{"embeddable":true,"href":"https:\/\/www.iconesoft.com.br\/eng\/wp-json\/wp\/v2\/users\/1"}],"replies":[{"embeddable":true,"href":"https:\/\/www.iconesoft.com.br\/eng\/wp-json\/wp\/v2\/comments?post=1435"}],"version-history":[{"count":12,"href":"https:\/\/www.iconesoft.com.br\/eng\/wp-json\/wp\/v2\/pages\/1435\/revisions"}],"predecessor-version":[{"id":1966,"href":"https:\/\/www.iconesoft.com.br\/eng\/wp-json\/wp\/v2\/pages\/1435\/revisions\/1966"}],"up":[{"embeddable":true,"href":"https:\/\/www.iconesoft.com.br\/eng\/wp-json\/wp\/v2\/pages\/1291"}],"wp:attachment":[{"href":"https:\/\/www.iconesoft.com.br\/eng\/wp-json\/wp\/v2\/media?parent=1435"}],"curies":[{"name":"wp","href":"https:\/\/api.w.org\/{rel}","templated":true}]}}